{"id":140,"date":"2024-08-23T18:33:51","date_gmt":"2024-08-23T16:33:51","guid":{"rendered":"https:\/\/www.epnak-ecoresponsable.com\/?page_id=140"},"modified":"2024-08-23T18:33:51","modified_gmt":"2024-08-23T16:33:51","slug":"alimentation","status":"publish","type":"page","link":"https:\/\/www.epnak-ecoresponsable.com\/index.php\/alimentation\/","title":{"rendered":"Alimentation"},"content":{"rendered":"\n\n    <!-- Custom CSS for Quiz -->\n    <style type=\"text\/css\">\n\n    \/* Fixes *\/\n    #advq_quiz_139 ul.advq_question_list {\n        padding:10px 0;\n        margin:0;\n    }\n\n    #advq_quiz_139 {\n        font-family: ;\n        font-size: 1em;\n        line-height: 1.5em;\n        font-weight: 400;\n        font-style: ;\n    }\n\n    #advq_quiz_139 .advq_button,\n    #advq_quiz_139 .advq_validade_ck,\n    #advq_quiz_139 .advq_next_button,\n    #advq_quiz_139 .advq_start_quiz_button,\n    #advq_quiz_139 .advq-restart,\n    #advq_quiz_139 .advq-restart a {\n        color:#FFFFFF;\n        background-color:rgba(231,76,60,1);\n        font-family: ;\n    }\n\n    #advq_quiz_139 .advq_button,\n    #advq_quiz_139 .advq_next_button,\n    #advq_quiz_139 .advq_start_quiz_button {\n        font-size: 1em;\n        line-height: 1.5em;\n        font-weight: 400;\n        font-style: ;\n    }\n\n    #advq_quiz_139 .advq_button:hover,\n    #advq_quiz_139 .advq_validade_ck:hover,\n    #advq_quiz_139 .advq_next_button:hover,\n    #advq_quiz_139 .advq_start_quiz_button:hover,\n    #advq_quiz_139 .advq-restart:hover,\n    #advq_quiz_139 .advq-restart a:hover {\n        color:#FFFFFF;\n        background-color:rgba(231,76,60,1);\n    }\n\n    #advq_quiz_139 {\n            max-width:100%;\n        }\n        \n    \/* Questions *\/\n    #advq_quiz_139 .advq_question {\n        color: rgba(0,0,0,1);\n        font-family: ;\n        font-size: 1.5em;\n        line-height: 1.5em;\n        padding-top: 10px;\n        padding-right: 10px;\n        padding-bottom: 10px;\n        padding-left: 10px;\n        background-color: rgba(245,245,245,1);\n        font-weight: 700;\n        font-style: ;\n    }\n    \/* General rule for Answers *\/\n    #advq_quiz_139 .advq_question_container li {\n        font-family: ;\n        font-size: 1em;\n        line-height: 1.5em;\n        font-weight: 400;\n        font-style: ;\n        padding-top: 10px;\n        padding-right: 10px;\n        padding-bottom: 10px;\n        padding-left: 10px;\n    }\n\n    \/* Normal State *\/\n    #advq_quiz_139 .advq_question_container li.quiz_unselected_answer {\n        background-color: rgba(244,244,244,1);\n        color: rgba(0,0,0,1);\n    }\n    \/* Hover State *\/\n    #advq_quiz_139 .advq_question_container ul.advq_question_list:not(.quiz_question_done) li:hover {\n        background-color: rgba(255,249,185,1);\n        color: rgba(0,0,0,1);\n    }\n    \/* Selected Answer *\/\n    #advq_quiz_139 .advq_question_container  li.quiz_selected_answer {\n        background-color: rgba(207,227,255,1);\n        color: rgba(0,0,0,1);\n    }\n    \/* Correct Answer *\/\n    #advq_quiz_139 .advq_question_container li.quiz_selected_answer.quiz_correct_answer {\n        background-color: rgba(158,208,100,1);\n        color: rgba(0,0,0,1);\n    }\n    \/* Unselected Correct Answer *\/\n    #advq_quiz_139 .advq_question_container li.quiz_unselected_answer.quiz_unselected_correct_answer {\n        background-color: rgba(158,208,100,1);\n        color: rgba(0,0,0,1);\n    }\n    \/* Wrong Answer *\/\n    #advq_quiz_139 .advq_question_container li.quiz_selected_answer.quiz_incorrect_answer {\n        background-color: rgba(243,134,129,1);\n        color: rgba(0,0,0,1);\n    }\n\n    \/* Answer Information *\/\n    #advq_quiz_139 .advq_answer_commentary {\n        background-color: rgba(244,244,244,1);\n        color: rgba(0,0,0,1);\n    }\n\n    \/* Answers Container *\/\n    #advq_quiz_139 .advq_results_wrapper {\n        background-color: rgba(249,249,249,1);\n        color: rgba(0,0,0,1);\n        padding-top: 20px;\n        padding-right: 20px;\n        padding-bottom: 20px;\n        padding-left: 20px;\n        margin-top: 20px;\n        margin-right: 0;\n        margin-bottom: 0;\n        margin-left: 0;\n        border:1px solid #f5f5f5;\n    }\n    #advq_quiz_139 .advq_review_answers {\n        padding-top: 20px;\n        padding-right: 20px;\n        padding-bottom: 20px;\n        padding-left: 20px;\n    }\n    \n    <\/style><div style='opacity:0' class='advq_quiz_wrap advq_grid advq_hasprogbar' data-quiz-id='139' id='advq_quiz_139' data-qtype='trivia' data-qlayout='grid' data-unique-visitor='69e07c938b77d' data-start-time='1776319635' data-options='{\"provide_result\":false,\"allow_change\":false,\"result_position\":\"inline\",\"one_page\":true,\"scroll_to_next\":false,\"progress_bar\":\"disabled\",\"back_button\":false,\"list_mode\":false,\"relation\":\"AND\",\"answerstags\":false}'><div  data-mandatory=\"\" class=\"advq_question_container \" ><div class=\"advq_question_wrap\"><div class=\"advq_question\" data-question-id=\"question-1\" >Quelle est la part des gaz \u00e0 effet de serre, li\u00e9e \u00e0 l'alimentation, \u00e9mis en France ? <\/div><div class=\"advq_subtitle\" data-question-id=\"question-1\" >Un seul choix<\/div><ul data-priority=\"normal\" data-type=\"radio\" data-relation=\"ignore\" class=\"advq_question_list\" data-question-id=\"question-1\"><li class=\"quiz_unselected_answer\"><input data-value='De 30% &agrave; 40% ' data-rule='1' id='question-1_0' name='question-1' type='radio' data-points='1'> <label for='question-1_0'><span class=\"advq_a_input\"><i class=\"fa fa-square-o\" aria-hidden=\"true\"><\/i><\/span>De 30% \u00e0 40% <\/label><\/li><li class=\"quiz_unselected_answer\"><input data-value='De 20% &agrave; 30%' data-rule='0' id='question-1_1' name='question-1' type='radio' data-points='1'> <label for='question-1_1'><span class=\"advq_a_input\"><i class=\"fa fa-square-o\" aria-hidden=\"true\"><\/i><\/span>De 20% \u00e0 30%<\/label><\/li><li class=\"quiz_unselected_answer\"><input data-value='Moins de 20% ' data-rule='0' id='question-1_2' name='question-1' type='radio' data-points='1'> <label for='question-1_2'><span class=\"advq_a_input\"><i class=\"fa fa-square-o\" aria-hidden=\"true\"><\/i><\/span>Moins de 20% <\/label><\/li><\/ul><\/div><\/div><div  data-mandatory=\"\" class=\"advq_question_container \" ><div class=\"advq_question_wrap\"><div class=\"advq_question\" data-question-id=\"question-2\" >En France, combien repr\u00e9sente le gaspillage alimentaire en tonnes ?<\/div><div class=\"advq_subtitle\" data-question-id=\"question-2\" >Un seul choix<\/div><ul data-priority=\"normal\" data-type=\"radio\" data-relation=\"ignore\" class=\"advq_question_list\" data-question-id=\"question-2\"><li class=\"quiz_unselected_answer\"><input data-value='2 millions' data-rule='0' id='question-2_0' name='question-2' type='radio' data-points='1'> <label for='question-2_0'><span class=\"advq_a_input\"><i class=\"fa fa-square-o\" aria-hidden=\"true\"><\/i><\/span>2 millions<\/label><\/li><li class=\"quiz_unselected_answer\"><input data-value='5 millions' data-rule='0' id='question-2_1' name='question-2' type='radio' data-points='1'> <label for='question-2_1'><span class=\"advq_a_input\"><i class=\"fa fa-square-o\" aria-hidden=\"true\"><\/i><\/span>5 millions<\/label><\/li><li class=\"quiz_unselected_answer\"><input data-value='10 millions' data-rule='1' id='question-2_2' name='question-2' type='radio' data-points='1'> <label for='question-2_2'><span class=\"advq_a_input\"><i class=\"fa fa-square-o\" aria-hidden=\"true\"><\/i><\/span>10 millions<\/label><\/li><li class=\"quiz_unselected_answer\"><input data-value='13 millions' data-rule='0' id='question-2_3' name='question-2' type='radio' data-points='1'> <label for='question-2_3'><span class=\"advq_a_input\"><i class=\"fa fa-square-o\" aria-hidden=\"true\"><\/i><\/span>13 millions<\/label><\/li><\/ul><\/div><\/div><div  data-mandatory=\"\" class=\"advq_question_container \" ><div class=\"advq_question_wrap\"><div class=\"advq_question\" data-question-id=\"question-3\" >Combien de kilom\u00e8tres parcourent nos aliments en moyenne avant d'arriver dans notre assiette ? <\/div><div class=\"advq_subtitle\" data-question-id=\"question-3\" >Un seul choix<\/div><ul data-priority=\"normal\" data-type=\"radio\" data-relation=\"ignore\" class=\"advq_question_list\" data-question-id=\"question-3\"><li class=\"quiz_unselected_answer\"><input data-value='1000 Kms' data-rule='0' id='question-3_0' name='question-3' type='radio' data-points='1'> <label for='question-3_0'><span class=\"advq_a_input\"><i class=\"fa fa-square-o\" aria-hidden=\"true\"><\/i><\/span>1000 Kms<\/label><\/li><li class=\"quiz_unselected_answer\"><input data-value='2500 Kms' data-rule='1' id='question-3_1' name='question-3' type='radio' data-points='1'> <label for='question-3_1'><span class=\"advq_a_input\"><i class=\"fa fa-square-o\" aria-hidden=\"true\"><\/i><\/span>2500 Kms<\/label><\/li><li class=\"quiz_unselected_answer\"><input data-value='6500 Kms' data-rule='0' id='question-3_2' name='question-3' type='radio' data-points='1'> <label for='question-3_2'><span class=\"advq_a_input\"><i class=\"fa fa-square-o\" aria-hidden=\"true\"><\/i><\/span>6500 Kms<\/label><\/li><\/ul><\/div><\/div><div class=\"advq_before_results\"><div class=\"advq_checkanswers \">\n\t\t<div class=\"advq_button\">V\u00e9rifiez les r\u00e9ponses<\/div>\n        <div class=\"advq_warning\"><\/div>\n\t<\/div><\/div><div class=\"advq_results_wrapper\"><div style=\"display:none;\" class=\"advq_results_title\">Votre r\u00e9sultat:<\/div><div style=\"display:none;\" class=\"advq_no_results\"><div class=\"advq_no_results_title\">D\u00e9sol\u00e9, aucun r\u00e9sultat trouv\u00e9.<\/div>Veuillez r\u00e9p\u00e9ter le quiz et essayer diff\u00e9rentes combinaisons de r\u00e9ponses.<\/div><div style=\"display:none;\" data-query=\"\" data-up-to=\"3\" class=\"advq_feedback_box\" id=\"advq_feedback_1724430278\" data-title=\"Bonnes r\u00e9ponses\" data-unique-id=\"feedback_1724430278\" data-tag=\"\" data-redirect=\"\">\n\t\t\t\t\t\t<div class=\"advq_feedback_title\">Bonnes r\u00e9ponses<\/div><div class=\"advq_feedback_image\"><figure><img decoding=\"async\" src=\"https:\/\/www.epnak-ecoresponsable.com\/wp-content\/uploads\/2024\/08\/Alimentaire-0.png\"><figure><\/div><div class=\"advq_feedback_description\"><\/div><\/div>\n                <div class=\"advq-restart\">\n                    <a href=\"\/index.php\/wp-json\/wp\/v2\/pages\/140\" title=\"Reprendre le quiz\"><i class=\"fa fa-refresh\" aria-hidden=\"true\"><\/i> <span>Reprendre le quiz<\/span><\/a>\n                <\/div><\/div><!-- Closing div for results --><\/div><!-- Closing div for quiz -->\n","protected":false},"excerpt":{"rendered":"","protected":false},"author":1,"featured_media":0,"parent":0,"menu_order":0,"comment_status":"closed","ping_status":"closed","template":"","meta":{"_et_pb_use_builder":"","_et_pb_old_content":"","_et_gb_content_width":"","footnotes":""},"class_list":["post-140","page","type-page","status-publish","hentry"],"_links":{"self":[{"href":"https:\/\/www.epnak-ecoresponsable.com\/index.php\/wp-json\/wp\/v2\/pages\/140","targetHints":{"allow":["GET"]}}],"collection":[{"href":"https:\/\/www.epnak-ecoresponsable.com\/index.php\/wp-json\/wp\/v2\/pages"}],"about":[{"href":"https:\/\/www.epnak-ecoresponsable.com\/index.php\/wp-json\/wp\/v2\/types\/page"}],"author":[{"embeddable":true,"href":"https:\/\/www.epnak-ecoresponsable.com\/index.php\/wp-json\/wp\/v2\/users\/1"}],"replies":[{"embeddable":true,"href":"https:\/\/www.epnak-ecoresponsable.com\/index.php\/wp-json\/wp\/v2\/comments?post=140"}],"version-history":[{"count":1,"href":"https:\/\/www.epnak-ecoresponsable.com\/index.php\/wp-json\/wp\/v2\/pages\/140\/revisions"}],"predecessor-version":[{"id":141,"href":"https:\/\/www.epnak-ecoresponsable.com\/index.php\/wp-json\/wp\/v2\/pages\/140\/revisions\/141"}],"wp:attachment":[{"href":"https:\/\/www.epnak-ecoresponsable.com\/index.php\/wp-json\/wp\/v2\/media?parent=140"}],"curies":[{"name":"wp","href":"https:\/\/api.w.org\/{rel}","templated":true}]}}